{"id":4365,"date":"2014-10-24T05:24:08","date_gmt":"2014-10-24T03:24:08","guid":{"rendered":"http:\/\/l-atelier.be\/ae-propos-de-nous\/"},"modified":"2023-12-03T15:45:34","modified_gmt":"2023-12-03T13:45:34","slug":"a-propos-de-nous","status":"publish","type":"page","link":"https:\/\/l-atelier.be\/fr\/a-propos-de-nous\/","title":{"rendered":"Qui Sommes-Nous?"},"content":{"rendered":"<div  class=\"tatsu-SJZ_blGA3G tatsu-section  tatsu-section-custom-height tatsu-bg-overlay   tatsu-clearfix\" data-title=\"\"  data-headerscheme=\"background--dark\"><div class = \"tatsu-custom-height-wrap\"><div class='tatsu-section-pad clearfix' data-padding='{\"d\":\"100px 0px 90px 0px\"}' data-padding-top='100px'><div class=\"tatsu-row-wrap  tatsu-wrap tatsu-row-one-col tatsu-row-has-one-cols tatsu-medium-gutter tatsu-reg-cols  tatsu-clearfix tatsu-ryldbef03f\" ><div  class=\"tatsu-row \" ><div  class=\"tatsu-column  tatsu-column-no-bg tatsu-one-col tatsu-column-image-none tatsu-column-effect-none  tatsu-BkuZlzR3G\"  data-parallax-speed=\"0\" style=\"\"><div class=\"tatsu-column-inner \" ><div class=\"tatsu-column-pad-wrap\"><div class=\"tatsu-column-pad\" ><div  class=\"tatsu-empty-space  tatsu-r1md3gvR3  \" ><style>.tatsu-r1md3gvR3.tatsu-empty-space{height: 50px;}<\/style><\/div><div  class=\"tatsu-module tatsu-inline-text clearfix tatsu-BkoXxGR3M   \" ><style>.tatsu-BkoXxGR3M .tatsu-inline-text-inner{width: 100%;text-align: left;}.tatsu-BkoXxGR3M.tatsu-inline-text{margin: 0px 0px 15px 0px ;}<\/style><div class=\"tatsu-inline-text-inner tatsu-align-center\">\n<h1 style=\"text-align: center;\"><span style=\"color: #ffffff;\">WE ARE L&rsquo;ATELIER<\/span><\/h1>\n<\/div><\/div><div  class=\"special-subtitle-wrap  tatsu-r1bBxf02z  \"  ><div class=\"align-center\"><span class=\"special-subtitle\" >Not Your Average Web Agency<\/span><\/div><style>.tatsu-r1bBxf02z .special-subtitle{font-size: 24px;color: rgba(255,255,255,1) ;width: 70%;}.tatsu-r1bBxf02z.special-subtitle-wrap{margin-bottom: 10px;}<\/style><\/div><div  class=\"tatsu-empty-space  tatsu-Hyv6olPR3  \" ><style>.tatsu-Hyv6olPR3.tatsu-empty-space{height: 30px;}@media only screen and (max-width: 767px) {.tatsu-Hyv6olPR3.tatsu-empty-space{height: 20px;}}<\/style><\/div><\/div><\/div><div class = \"tatsu-column-bg-image-wrap\"><div class = \"tatsu-column-bg-image\" ><\/div><\/div><\/div><style>.tatsu-row > .tatsu-BkuZlzR3G.tatsu-column{width: 100%;}.tatsu-BkuZlzR3G.tatsu-column > .tatsu-column-inner > .tatsu-column-overlay{mix-blend-mode: none;}.tatsu-BkuZlzR3G > .tatsu-column-inner > .tatsu-top-divider{z-index: 9999;}.tatsu-BkuZlzR3G > .tatsu-column-inner > .tatsu-bottom-divider{z-index: 9999;}.tatsu-BkuZlzR3G > .tatsu-column-inner > .tatsu-left-divider{z-index: 9999;}.tatsu-BkuZlzR3G > .tatsu-column-inner > .tatsu-right-divider{z-index: 9999;}<\/style><\/div><\/div><\/div><\/div><div class=\"tatsu-section-background-wrap\"><div class = \"tatsu-section-background\" ><\/div><\/div><div class=\"tatsu-overlay tatsu-section-overlay\"><\/div><\/div><style>.tatsu-SJZ_blGA3G.tatsu-section{background-color: rgba(54,54,54,1);}.tatsu-SJZ_blGA3G .tatsu-section-background{background-image: url(http:\/\/l-atelier.be\/wp-content\/uploads\/2023\/09\/blurrynewyork.jpg);background-repeat: no-repeat;background-attachment: scroll;background-position: center center;background-size: cover;}.tatsu-SJZ_blGA3G .tatsu-bg-blur{background-repeat: no-repeat;background-attachment: scroll;background-position: center center;background-size: cover;}.tatsu-SJZ_blGA3G .tatsu-section-pad{padding: 100px 0px 90px 0px;}.tatsu-SJZ_blGA3G > .tatsu-bottom-divider{z-index: 9999;}.tatsu-SJZ_blGA3G > .tatsu-top-divider{z-index: 9999;}.tatsu-SJZ_blGA3G .tatsu-section-overlay{background: rgba(0,0,0,0.4);mix-blend-mode: normal;}.tatsu-SJZ_blGA3G .tatsu-custom-height-wrap{align-items: center;min-height: 100vh;}<\/style><\/div><div  class=\"tatsu-fqp7oiz66837nunm tatsu-section    tatsu-clearfix\" data-title=\"\"  data-headerscheme=\"background--dark\"><div class='tatsu-section-pad clearfix' data-padding='{\"d\":\"40px 0% 10px 0%\",\"m\":\"58px 0% 0px 0%\"}' data-padding-top='58px'><div class=\"tatsu-row-wrap  tatsu-wrap tatsu-row-one-col tatsu-row-has-one-cols tatsu-zero-margin tatsu-medium-gutter tatsu-reg-cols  tatsu-clearfix tatsu-fqp7oiz66n2eqnot\" ><div  class=\"tatsu-row \" ><div  class=\"tatsu-column  tatsu-column-no-bg tatsu-one-col tatsu-column-image-none tatsu-column-effect-none  tatsu-fqp7oiz66x1nt4iq\"  data-parallax-speed=\"0\" style=\"\"><div class=\"tatsu-column-inner \" ><div class=\"tatsu-column-pad-wrap\"><div class=\"tatsu-column-pad\" ><div  class=\"tatsu-module tatsu-text-block-wrap tatsu-fqp7oiz6745i4yf0  \"><div class=\"tatsu-text-inner tatsu-align-center  clearfix\" ><style>.tatsu-fqp7oiz6745i4yf0.tatsu-text-block-wrap .tatsu-text-inner{text-align: left;}<\/style>\n<h2 style=\"text-align: center;\">\u00c0 PROPOS DE NOUS<\/h2>\n<\/div><\/div><div class=\"tatsu-row-wrap  tatsu-row-has-one-half tatsu-row-has-two-cols tatsu-medium-gutter tatsu-reg-cols tatsu-inner-row-wrap  tatsu-clearfix tatsu-Skl8MNAbJ6\" ><style>.tatsu-Skl8MNAbJ6 > .tatsu-row{margin-top: 0px;}.tatsu-Skl8MNAbJ6.tatsu-row-wrap > .tatsu-row{margin-bottom: -50px;}<\/style><div  class=\"tatsu-row \" ><div  class=\"tatsu-column  tatsu-bg-overlay tatsu-one-half tatsu-column-image- tatsu-column-effect-  tatsu-HJdGVAWyp\"  data-parallax-speed=\"0\" style=\"\"><div class=\"tatsu-column-inner \" ><div class=\"tatsu-column-pad-wrap\"><div class=\"tatsu-column-pad\" ><div  class=\"tatsu-module tatsu-text-block-wrap tatsu-BkjzNRZ16  \"><div class=\"tatsu-text-inner tatsu-align-center  clearfix\" ><style>.tatsu-BkjzNRZ16.tatsu-text-block-wrap .tatsu-text-inner{width: 100%;text-align: left;}.tatsu-BkjzNRZ16.tatsu-text-block-wrap{margin: 0px 0px -30px 0px;}<\/style>\n<h4>L&rsquo;Atelier<\/h4>\n<p>La cr\u00e9ation de L&rsquo;Atelier est le fruit de plusieurs ann\u00e9es de construction de sites web \u00e0 titre priv\u00e9. Durant cette p\u00e9riode, nous avons mis en ligne plusieurs sites web, chacun d\u2019entre eux \u00e9tant unique et contribuant aux entreprises pour lesquelles ils ont \u00e9t\u00e9 construits. Aujourd&rsquo;hui, nous sommes fiers avec la cr\u00e9ation de L&rsquo;Atelier.<\/p>\n<\/div><\/div><\/div><\/div><div class = \"tatsu-column-bg-image-wrap\"><div class = \"tatsu-column-bg-image\" ><\/div><\/div><div class=\"tatsu-overlay tatsu-column-overlay tatsu-animate-none\" ><\/div><\/div><style>.tatsu-row > .tatsu-HJdGVAWyp.tatsu-column{width: 50%;}.tatsu-HJdGVAWyp.tatsu-column > .tatsu-column-inner > .tatsu-column-overlay{mix-blend-mode: normal;}.tatsu-HJdGVAWyp > .tatsu-column-inner > .tatsu-top-divider{z-index: 9999;}.tatsu-HJdGVAWyp > .tatsu-column-inner > .tatsu-bottom-divider{z-index: 9999;}.tatsu-HJdGVAWyp > .tatsu-column-inner > .tatsu-left-divider{z-index: 9999;}.tatsu-HJdGVAWyp > .tatsu-column-inner > .tatsu-right-divider{z-index: 9999;}@media only screen and (max-width:1377px) {.tatsu-row > .tatsu-HJdGVAWyp.tatsu-column{width: 50%;}}@media only screen and (min-width:768px) and (max-width: 1024px) {.tatsu-row > .tatsu-HJdGVAWyp.tatsu-column{width: 50%;}}@media only screen and (max-width: 767px) {.tatsu-row > .tatsu-HJdGVAWyp.tatsu-column{width: 100%;}}<\/style><\/div><div  class=\"tatsu-column  tatsu-bg-overlay tatsu-one-half tatsu-column-image- tatsu-column-effect-  tatsu-H1x_MVRW1p\"  data-parallax-speed=\"0\" style=\"\"><div class=\"tatsu-column-inner \" ><div class=\"tatsu-column-pad-wrap\"><div class=\"tatsu-column-pad\" ><div  class=\"tatsu-module tatsu-text-block-wrap tatsu-r1pf4AZya  \"><div class=\"tatsu-text-inner tatsu-align-center  clearfix\" ><style>.tatsu-r1pf4AZya.tatsu-text-block-wrap .tatsu-text-inner{width: 100%;text-align: left;}<\/style>\n<h4>Pour tous les budgets<\/h4>\n<p>\u00c0 L&rsquo;Atelier, nous cr\u00e9ons des sites web et des boutiques en ligne pour tous les budgets. Un site web peut \u00eatre cr\u00e9e \u00e0 partir de 250 \u20ac hors TVA. Parce que nous sommes d\u2019avis qu&rsquo;un bon site web ne doit pas n\u00e9cessairement \u00eatre cher ! Nous continuons jusqu&rsquo;\u00e0 ce que votre site web soit enti\u00e8rement \u00e0 votre go\u00fbt, et ce n&rsquo;est qu&rsquo;alors que nous sommes satisfaits. Ensuite, nous veillons \u00e9galement \u00e0 ce que votre site web soit trouvable et \u00e0 jour (voir <strong><a href=\"https:\/\/l-atelier.be\/fr\/services\/\">services<\/a><\/strong>).<\/p>\n<\/div><\/div><\/div><\/div><div class = \"tatsu-column-bg-image-wrap\"><div class = \"tatsu-column-bg-image\" ><\/div><\/div><div class=\"tatsu-overlay tatsu-column-overlay tatsu-animate-none\" ><\/div><\/div><style>.tatsu-row > .tatsu-H1x_MVRW1p.tatsu-column{width: 50%;}.tatsu-H1x_MVRW1p.tatsu-column > .tatsu-column-inner > .tatsu-column-overlay{mix-blend-mode: normal;}.tatsu-H1x_MVRW1p > .tatsu-column-inner > .tatsu-top-divider{z-index: 9999;}.tatsu-H1x_MVRW1p > .tatsu-column-inner > .tatsu-bottom-divider{z-index: 9999;}.tatsu-H1x_MVRW1p > .tatsu-column-inner > .tatsu-left-divider{z-index: 9999;}.tatsu-H1x_MVRW1p > .tatsu-column-inner > .tatsu-right-divider{z-index: 9999;}@media only screen and (max-width:1377px) {.tatsu-row > .tatsu-H1x_MVRW1p.tatsu-column{width: 50%;}}@media only screen and (min-width:768px) and (max-width: 1024px) {.tatsu-row > .tatsu-H1x_MVRW1p.tatsu-column{width: 50%;}}@media only screen and (max-width: 767px) {.tatsu-row > .tatsu-H1x_MVRW1p.tatsu-column{width: 100%;}}<\/style><\/div><\/div><\/div><div  class=\"tatsu-empty-space  tatsu-ryldEhp02  \" ><\/div><\/div><\/div><div class = \"tatsu-column-bg-image-wrap\"><div class = \"tatsu-column-bg-image\" ><\/div><\/div><\/div><style>.tatsu-row > .tatsu-fqp7oiz66x1nt4iq.tatsu-column{width: 100%;}.tatsu-fqp7oiz66x1nt4iq.tatsu-column > .tatsu-column-inner > .tatsu-column-overlay{mix-blend-mode: none;}.tatsu-fqp7oiz66x1nt4iq > .tatsu-column-inner > .tatsu-top-divider{z-index: 9999;}.tatsu-fqp7oiz66x1nt4iq > .tatsu-column-inner > .tatsu-bottom-divider{z-index: 9999;}.tatsu-fqp7oiz66x1nt4iq > .tatsu-column-inner > .tatsu-left-divider{z-index: 9999;}.tatsu-fqp7oiz66x1nt4iq > .tatsu-column-inner > .tatsu-right-divider{z-index: 9999;}<\/style><\/div><\/div><\/div><\/div><div class=\"tatsu-section-background-wrap\"><div class = \"tatsu-section-background\" ><\/div><\/div><style>.tatsu-fqp7oiz66837nunm .tatsu-section-pad{padding: 40px 0% 10px 0%;}.tatsu-fqp7oiz66837nunm > .tatsu-bottom-divider{z-index: 9999;}.tatsu-fqp7oiz66837nunm > .tatsu-top-divider{z-index: 9999;}@media only screen and (max-width: 767px) {.tatsu-fqp7oiz66837nunm .tatsu-section-pad{padding: 58px 0% 0px 0%;}}<\/style><\/div><div  class=\"tatsu-fqp7oiz6kt3qqgbx tatsu-section    tatsu-clearfix\" data-title=\"\"  data-headerscheme=\"background--light\"><div class='tatsu-section-pad clearfix' data-padding='{\"d\":\"10px 0% 0px 0%\"}' data-padding-top='10px'><div class=\"tatsu-row-wrap  tatsu-row-full-width tatsu-row-has-one-half tatsu-row-has-two-cols tatsu-zero-margin tatsu-no-gutter tatsu-eq-cols  tatsu-clearfix tatsu-fqp7oiz6l621nwv8\" ><div  class=\"tatsu-row \" ><div  class=\"tatsu-column  tatsu-column-empty tatsu-one-half tatsu-column-align-middle tatsu-column-image-none tatsu-column-effect-none  tatsu-fqp7oiz6lefivjye\"  data-parallax-speed=\"0\" style=\"\"><div class=\"tatsu-column-inner \" ><div class=\"tatsu-column-pad-wrap\"><div class=\"tatsu-column-pad\" ><\/div><\/div><div class = \"tatsu-column-bg-image-wrap\"><div class = \"tatsu-column-bg-image\" ><\/div><\/div><\/div><style>.tatsu-row > .tatsu-fqp7oiz6lefivjye.tatsu-column{width: 50%;}.tatsu-fqp7oiz6lefivjye.tatsu-column > .tatsu-column-inner > .tatsu-column-bg-image-wrap > .tatsu-column-bg-image{background-image: url(http:\/\/l-atelier.be\/wp-content\/uploads\/2023\/09\/boekenpen-scaled.jpg);background-repeat: no-repeat;background-attachment: scroll;background-position: center right;background-size: cover;}.tatsu-fqp7oiz6lefivjye.tatsu-column > .tatsu-column-inner > .tatsu-bg-blur{background-repeat: no-repeat;background-attachment: scroll;background-position: center right;background-size: cover;}.tatsu-fqp7oiz6lefivjye.tatsu-column > .tatsu-column-inner > .tatsu-column-pad-wrap > .tatsu-column-pad{padding: 0% 0% 0% 0%;}.tatsu-fqp7oiz6lefivjye.tatsu-column > .tatsu-column-inner > .tatsu-column-overlay{mix-blend-mode: none;}.tatsu-fqp7oiz6lefivjye > .tatsu-column-inner > .tatsu-top-divider{z-index: 9999;}.tatsu-fqp7oiz6lefivjye > .tatsu-column-inner > .tatsu-bottom-divider{z-index: 9999;}.tatsu-fqp7oiz6lefivjye > .tatsu-column-inner > .tatsu-left-divider{z-index: 9999;}.tatsu-fqp7oiz6lefivjye > .tatsu-column-inner > .tatsu-right-divider{z-index: 9999;}@media only screen and (max-width: 767px) {.tatsu-row > .tatsu-fqp7oiz6lefivjye.tatsu-column{width: 100%;}}<\/style><\/div><div  class=\"tatsu-column  tatsu-one-half tatsu-column-align-middle tatsu-column-image-none tatsu-column-effect-none  tatsu-fqp7oiz6lu99o9ws\"  data-parallax-speed=\"0\" style=\"\"><div class=\"tatsu-column-inner \" ><div class=\"tatsu-column-pad-wrap\"><div class=\"tatsu-column-pad\" ><div  class=\"tatsu-module tatsu-text-block-wrap tatsu-fqp7oiz6m5eypo38  \"><div class=\"tatsu-text-inner tatsu-align-center  clearfix\" ><style>.tatsu-fqp7oiz6m5eypo38.tatsu-text-block-wrap .tatsu-text-inner{text-align: left;}<\/style>\n<h4>Not your average Web Agency<\/h4>\n<\/div><\/div><div  class=\"special-subtitle-wrap  tatsu-fqp7oiz6okc9psar  \"  ><div class=\"align-left\"><span class=\"special-subtitle\" >Crafted with Passion, Designed to Perfection<\/span><\/div><style>.tatsu-fqp7oiz6okc9psar .special-subtitle{font-size: 22px;color: #999999 ;width: 80%;}.tatsu-fqp7oiz6okc9psar.special-subtitle-wrap{margin-bottom: 30px;}<\/style><\/div><div  class=\"tatsu-module tatsu-text-block-wrap tatsu-fqp7oiz6rh77jzs3  \"><div class=\"tatsu-text-inner tatsu-align-center  clearfix\" ><style>.tatsu-fqp7oiz6rh77jzs3.tatsu-text-block-wrap .tatsu-text-inner{text-align: left;}<\/style>\n<h4>Une approche professionnelle et conviviale<\/h4>\n<p>A L&rsquo;Atelier, vous n&rsquo;\u00eates pas un simple num\u00e9ro, ni un simple client, vous \u00eates <span style=\"text-decoration: underline;\"><strong>notre<\/strong><\/span> client ! Nous ne voulons pas non plus vous construire n&rsquo;importe quel site web, nous voulons construire <span style=\"text-decoration: underline;\"><strong>votre<\/strong><\/span> site ! Pour ce faire, nous sommes \u00e0 l&rsquo;\u00e9coute de vos id\u00e9es afin de construire un site qui communique votre activit\u00e9 de mani\u00e8re efficace et attrayante. Notre objectif est d&rsquo;aider les ind\u00e9pendants et les PME \u00e0 accro\u00eetre leur pr\u00e9sence en ligne en adoptant la bonne approche.<\/p>\n<\/div><\/div><ul  class=\"tatsu-module tatsu-list tatsu-fqp7oiz6uibbvwl    tatsu-list-vertical-align-center tatsu-lists-icon\" ><style>.tatsu-fqp7oiz6uibbvwl .tatsu-list-content{margin: 0 0 12px 0px;}.tatsu-fqp7oiz6uibbvwl .tatsu-list-content::before, .tatsu-fqp7oiz6uibbvwl .tatsu-icon{color: rgba(34,147,215,1) ;}<\/style><li  class=\"tatsu-list-content tatsu-fqp7oiz6upb334gp   \" ><div class=\"tatsu-list-icon-wrap\" ><i class=\"tatsu-icon icon-icon_star \"><\/i><\/div><div class=\"tatsu-list-inner\">\n<p>Fiable<\/p>\n<\/div><style>.tatsu-fqp7oiz6upb334gp .tatsu-icon, .tatsu-fqp7oiz6upb334gp.tatsu-list-content::before{color: #141414 ;}.tatsu-fqp7oiz6upb334gp{border-style: solid;}<\/style><\/li><li  class=\"tatsu-list-content tatsu-fqp7oiz6xc8zb7un   \" ><div class=\"tatsu-list-icon-wrap\" ><i class=\"tatsu-icon icon-icon_star \"><\/i><\/div><div class=\"tatsu-list-inner\">\n<p>Budget avantageux et transparent<\/p>\n<\/div><style>.tatsu-fqp7oiz6xc8zb7un .tatsu-icon, .tatsu-fqp7oiz6xc8zb7un.tatsu-list-content::before{color: #141414 ;}.tatsu-fqp7oiz6xc8zb7un{border-style: solid;}<\/style><\/li><li  class=\"tatsu-list-content tatsu-fqp7oiz6zp4c2u1g   \" ><div class=\"tatsu-list-icon-wrap\" ><i class=\"tatsu-icon icon-icon_star \"><\/i><\/div><div class=\"tatsu-list-inner\">\n<p>Qualit\u00e9 Cr\u00e9ative<\/p>\n<\/div><style>.tatsu-fqp7oiz6zp4c2u1g .tatsu-icon, .tatsu-fqp7oiz6zp4c2u1g.tatsu-list-content::before{color: #141414 ;}.tatsu-fqp7oiz6zp4c2u1g{border-style: solid;}<\/style><\/li><li  class=\"tatsu-list-content tatsu-fqp7oiz72heg4kmd   \" ><div class=\"tatsu-list-icon-wrap\" ><i class=\"tatsu-icon icon-icon_star \"><\/i><\/div><div class=\"tatsu-list-inner\">\n<p>Nous ne serons satisfaits que si vous l&rsquo;\u00eates !<\/p>\n<\/div><style>.tatsu-fqp7oiz72heg4kmd .tatsu-icon, .tatsu-fqp7oiz72heg4kmd.tatsu-list-content::before{color: #141414 ;}.tatsu-fqp7oiz72heg4kmd{border-style: solid;}<\/style><\/li><\/ul><\/div><\/div><div class = \"tatsu-column-bg-image-wrap\"><div class = \"tatsu-column-bg-image\" ><\/div><\/div><\/div><style>.tatsu-row > .tatsu-fqp7oiz6lu99o9ws.tatsu-column{width: 50%;}.tatsu-fqp7oiz6lu99o9ws.tatsu-column > .tatsu-column-inner{background-color: #f7f8f9;}.tatsu-fqp7oiz6lu99o9ws.tatsu-column > .tatsu-column-inner > .tatsu-column-pad-wrap > .tatsu-column-pad{padding: 10% 15% 10% 10%;}.tatsu-fqp7oiz6lu99o9ws.tatsu-column > .tatsu-column-inner > .tatsu-column-overlay{mix-blend-mode: none;}.tatsu-fqp7oiz6lu99o9ws > .tatsu-column-inner > .tatsu-top-divider{z-index: 9999;}.tatsu-fqp7oiz6lu99o9ws > .tatsu-column-inner > .tatsu-bottom-divider{z-index: 9999;}.tatsu-fqp7oiz6lu99o9ws > .tatsu-column-inner > .tatsu-left-divider{z-index: 9999;}.tatsu-fqp7oiz6lu99o9ws > .tatsu-column-inner > .tatsu-right-divider{z-index: 9999;}@media only screen and (max-width: 767px) {.tatsu-row > .tatsu-fqp7oiz6lu99o9ws.tatsu-column{width: 100%;}}<\/style><\/div><\/div><\/div><\/div><div class=\"tatsu-section-background-wrap\"><div class = \"tatsu-section-background\" ><\/div><\/div><style>.tatsu-fqp7oiz6kt3qqgbx{border-width: 0px 0px px 0px;border-style: solid;}.tatsu-fqp7oiz6kt3qqgbx .tatsu-section-pad{padding: 10px 0% 0px 0%;}.tatsu-fqp7oiz6kt3qqgbx > .tatsu-bottom-divider{z-index: 9999;}.tatsu-fqp7oiz6kt3qqgbx > .tatsu-top-divider{z-index: 9999;}<\/style><\/div><div  class=\"tatsu-fqp7oiz75sag65iz tatsu-section    tatsu-clearfix\" data-title=\"\"  data-headerscheme=\"background--light\"><div class='tatsu-section-pad clearfix' data-padding='{\"d\":\"0px 0% 0px 0%\"}' data-padding-top='0px'><div class=\"tatsu-row-wrap  tatsu-row-full-width tatsu-row-has-one-half tatsu-row-has-two-cols tatsu-zero-margin tatsu-no-gutter tatsu-eq-cols  tatsu-clearfix tatsu-fqp7oiz767ftta1e\" ><div  class=\"tatsu-row \" ><div  class=\"tatsu-column  tatsu-column-no-bg tatsu-one-half tatsu-column-align-middle tatsu-column-image-none tatsu-column-effect-none  tatsu-fqp7oiz76faqra99\"  data-parallax-speed=\"0\" style=\"\"><div class=\"tatsu-column-inner \" ><div class=\"tatsu-column-pad-wrap\"><div class=\"tatsu-column-pad\" ><div  class=\"tatsu-module tatsu-text-block-wrap tatsu-fqp7oiz76sg0oiib  \"><div class=\"tatsu-text-inner tatsu-align-center  clearfix\" ><style>.tatsu-fqp7oiz76sg0oiib.tatsu-text-block-wrap .tatsu-text-inner{text-align: left;}<\/style>\n<h4>We don&rsquo;t say B2B, we say H2H<\/h4>\n<\/div><\/div><div  class=\"special-subtitle-wrap  tatsu-fqp7oiz7al4bs0i5  \"  ><div class=\"align-left\"><span class=\"special-subtitle\" >We believe that magic happens when you do things with passion!<\/span><\/div><style>.tatsu-fqp7oiz7al4bs0i5 .special-subtitle{font-size: 22px;color: #999999 ;width: 80%;}.tatsu-fqp7oiz7al4bs0i5.special-subtitle-wrap{margin-bottom: 30px;}<\/style><\/div><div  class=\"tatsu-module tatsu-title-icon  tatsu-fqp7oiz7d71hg1oi  \" ><span class=\"tatsu-ti-wrap tatsu-ti medium circled align-left\" ><i class=\"icon-pencil2 tatsu-ti tatsu-ti-icon\"><\/i><\/span><div class=\"tatsu-tc tatsu-tc-custom-space align-left medium circled\">\n<h6>DESIGN<\/h6>\n<p>Tous nos sites web sont con\u00e7us sous WordPress et combin\u00e9s avec Woocommerce pour les boutiques en ligne.<\/p>\n<\/div><style>.tatsu-fqp7oiz7d71hg1oi .tatsu-ti-icon{color: #000000 ;}.tatsu-fqp7oiz7d71hg1oi .tatsu-ti-wrap.circled{box-shadow: 0px 0px 0px 0px rgba(0,0,0,0);border-color: #000000; }.tatsu-fqp7oiz7d71hg1oi{margin: 0px 0px 10px -10px;}<\/style><\/div><div  class=\"tatsu-module tatsu-title-icon  tatsu-SkEe0R9la  \" ><span class=\"tatsu-ti-wrap tatsu-ti medium circled align-left\" ><i class=\"icon-lightbulb tatsu-ti tatsu-ti-icon\"><\/i><\/span><div class=\"tatsu-tc tatsu-tc-custom-space align-left medium circled\">\n<h6>BRANDING<\/h6>\n<p>Nous pouvons \u00e9galement vous cr\u00e9er un logo et des cartes de visite. Vous pouvez ainsi vous concentrer sur votre activit\u00e9 !<\/p>\n<\/div><style>.tatsu-SkEe0R9la .tatsu-ti-icon{color: #000000 ;}.tatsu-SkEe0R9la .tatsu-ti-wrap.circled{box-shadow: 0px 0px 0px 0px rgba(0,0,0,0);border-color: #000000; }.tatsu-SkEe0R9la{margin: 0px 0px 10px -10px;}<\/style><\/div><div  class=\"tatsu-module tatsu-title-icon  tatsu-fqp7oiz7ft54trxc  \" ><span class=\"tatsu-ti-wrap tatsu-ti medium circled align-left\" ><i class=\"icon-icon_mail_alt tatsu-ti tatsu-ti-icon\"><\/i><\/span><div class=\"tatsu-tc tatsu-tc-custom-space align-left medium circled\">\n<h6>PARTENAIRE<\/h6>\n<p>A L&rsquo;Atelier, nous ne sommes pas des vendeurs, nous sommes des partenaires. Chez nous, vous avez un seul point de contact pour votre projet.<\/p>\n<\/div><style>.tatsu-fqp7oiz7ft54trxc .tatsu-ti-icon{color: #000000 ;}.tatsu-fqp7oiz7ft54trxc .tatsu-ti-wrap.circled{box-shadow: 0px 0px 0px 0px rgba(0,0,0,0);border-color: #000000; }.tatsu-fqp7oiz7ft54trxc{margin: 0px 0px 10px -10px;}<\/style><\/div><\/div><\/div><div class = \"tatsu-column-bg-image-wrap\"><div class = \"tatsu-column-bg-image\" ><\/div><\/div><\/div><style>.tatsu-row > .tatsu-fqp7oiz76faqra99.tatsu-column{width: 50%;}.tatsu-fqp7oiz76faqra99.tatsu-column > .tatsu-column-inner > .tatsu-column-pad-wrap > .tatsu-column-pad{padding: 10% 10% 10% 20%;}.tatsu-fqp7oiz76faqra99.tatsu-column > .tatsu-column-inner > .tatsu-column-overlay{mix-blend-mode: none;}.tatsu-fqp7oiz76faqra99 > .tatsu-column-inner > .tatsu-top-divider{z-index: 9999;}.tatsu-fqp7oiz76faqra99 > .tatsu-column-inner > .tatsu-bottom-divider{z-index: 9999;}.tatsu-fqp7oiz76faqra99 > .tatsu-column-inner > .tatsu-left-divider{z-index: 9999;}.tatsu-fqp7oiz76faqra99 > .tatsu-column-inner > .tatsu-right-divider{z-index: 9999;}@media only screen and (max-width: 767px) {.tatsu-row > .tatsu-fqp7oiz76faqra99.tatsu-column{width: 100%;}}<\/style><\/div><div  class=\"tatsu-column  tatsu-column-empty tatsu-one-half tatsu-column-align-middle tatsu-column-image-none tatsu-column-effect-none  tatsu-fqp7oiz7lx2920ht\"  data-parallax-speed=\"0\" style=\"\"><div class=\"tatsu-column-inner \" ><div class=\"tatsu-column-pad-wrap\"><div class=\"tatsu-column-pad\" ><\/div><\/div><div class = \"tatsu-column-bg-image-wrap\"><div class = \"tatsu-column-bg-image\" ><\/div><\/div><\/div><style>.tatsu-row > .tatsu-fqp7oiz7lx2920ht.tatsu-column{width: 50%;}.tatsu-fqp7oiz7lx2920ht.tatsu-column > .tatsu-column-inner > .tatsu-column-bg-image-wrap > .tatsu-column-bg-image{background-image: url(http:\/\/l-atelier.be\/wp-content\/uploads\/2023\/09\/PC.png);background-repeat: no-repeat;background-attachment: scroll;background-position: center left;background-size: cover;}.tatsu-fqp7oiz7lx2920ht.tatsu-column > .tatsu-column-inner > .tatsu-bg-blur{background-repeat: no-repeat;background-attachment: scroll;background-position: center left;background-size: cover;}.tatsu-fqp7oiz7lx2920ht.tatsu-column > .tatsu-column-inner > .tatsu-column-pad-wrap > .tatsu-column-pad{padding: 0% 0% 0% 0%;}.tatsu-fqp7oiz7lx2920ht.tatsu-column > .tatsu-column-inner > .tatsu-column-overlay{mix-blend-mode: none;}.tatsu-fqp7oiz7lx2920ht > .tatsu-column-inner > .tatsu-top-divider{z-index: 9999;}.tatsu-fqp7oiz7lx2920ht > .tatsu-column-inner > .tatsu-bottom-divider{z-index: 9999;}.tatsu-fqp7oiz7lx2920ht > .tatsu-column-inner > .tatsu-left-divider{z-index: 9999;}.tatsu-fqp7oiz7lx2920ht > .tatsu-column-inner > .tatsu-right-divider{z-index: 9999;}@media only screen and (max-width: 767px) {.tatsu-row > .tatsu-fqp7oiz7lx2920ht.tatsu-column{width: 100%;}}<\/style><\/div><\/div><\/div><\/div><div class=\"tatsu-section-background-wrap\"><div class = \"tatsu-section-background\" ><\/div><\/div><style>.tatsu-fqp7oiz75sag65iz{border-width: 0px 0px px 0px;border-style: solid;}.tatsu-fqp7oiz75sag65iz .tatsu-section-pad{padding: 0px 0% 0px 0%;}.tatsu-fqp7oiz75sag65iz > .tatsu-bottom-divider{z-index: 9999;}.tatsu-fqp7oiz75sag65iz > .tatsu-top-divider{z-index: 9999;}<\/style><\/div>\n","protected":false},"excerpt":{"rendered":"","protected":false},"author":1,"featured_media":0,"parent":0,"menu_order":0,"comment_status":"open","ping_status":"closed","template":"","meta":{"_seopress_robots_primary_cat":"","_seopress_titles_title":"L'Atelier - Web Agency - \u00c0 Propos De Nous","_seopress_titles_desc":"Nous cr\u00c3\u00a9ons des sites web et des boutiques en ligne pour tous les budgets. Un site web peut \u00eatre cr\u00e9e \u00e0 partir de 250 \u20ac hors TVA.","_seopress_robots_index":"","footnotes":""},"class_list":["post-4365","page","type-page","status-publish"],"_links":{"self":[{"href":"https:\/\/l-atelier.be\/fr\/wp-json\/wp\/v2\/pages\/4365","targetHints":{"allow":["GET"]}}],"collection":[{"href":"https:\/\/l-atelier.be\/fr\/wp-json\/wp\/v2\/pages"}],"about":[{"href":"https:\/\/l-atelier.be\/fr\/wp-json\/wp\/v2\/types\/page"}],"author":[{"embeddable":true,"href":"https:\/\/l-atelier.be\/fr\/wp-json\/wp\/v2\/users\/1"}],"replies":[{"embeddable":true,"href":"https:\/\/l-atelier.be\/fr\/wp-json\/wp\/v2\/comments?post=4365"}],"version-history":[{"count":16,"href":"https:\/\/l-atelier.be\/fr\/wp-json\/wp\/v2\/pages\/4365\/revisions"}],"predecessor-version":[{"id":4551,"href":"https:\/\/l-atelier.be\/fr\/wp-json\/wp\/v2\/pages\/4365\/revisions\/4551"}],"wp:attachment":[{"href":"https:\/\/l-atelier.be\/fr\/wp-json\/wp\/v2\/media?parent=4365"}],"curies":[{"name":"wp","href":"https:\/\/api.w.org\/{rel}","templated":true}]}}