{"id":4434,"date":"2023-09-05T15:21:30","date_gmt":"2023-09-05T13:21:30","guid":{"rendered":"http:\/\/l-atelier.be\/conditions-generales\/"},"modified":"2025-08-05T16:17:11","modified_gmt":"2025-08-05T14:17:11","slug":"conditions-generales","status":"publish","type":"page","link":"https:\/\/l-atelier.be\/fr\/conditions-generales\/","title":{"rendered":"Conditions g\u00e9n\u00e9rales"},"content":{"rendered":"\t\t<div data-elementor-type=\"wp-page\" data-elementor-id=\"4434\" class=\"elementor elementor-4434 elementor-4135\">\n\t\t\t\t<div class=\"elementor-element elementor-element-32519fba e-con-full thegem-e-con-layout-thegem e-flex e-con e-parent\" data-id=\"32519fba\" data-element_type=\"container\" data-settings=\"{&quot;thegem_container_layout&quot;:&quot;thegem&quot;}\">\r\n\t\t\t\t<div class=\"elementor-element elementor-element-39fef012 flex-horizontal-align-default flex-horizontal-align-tablet-default flex-horizontal-align-mobile-default flex-vertical-align-default flex-vertical-align-tablet-default flex-vertical-align-mobile-default elementor-widget elementor-widget-shortcode\" data-id=\"39fef012\" data-element_type=\"widget\" data-widget_type=\"shortcode.default\">\n\t\t\t\t<div class=\"elementor-widget-container\">\n\t\t\t\t\t\t\t<div class=\"elementor-shortcode\"><div  class=\"tatsu-SyWYPoiVR3 tatsu-section  tatsu-bg-overlay   tatsu-clearfix\" data-title=\"\"  data-headerscheme=\"background--dark\"><div class='tatsu-section-pad clearfix' data-padding='{\"d\":\"0px 0px 0px 0px\"}' data-padding-top='0px'><div class=\"tatsu-row-wrap  tatsu-wrap tatsu-row-one-col tatsu-row-has-one-cols tatsu-medium-gutter tatsu-reg-cols  tatsu-clearfix tatsu-r1gtPsjNR3\" ><div  class=\"tatsu-row \" ><div  class=\"tatsu-column  tatsu-bg-overlay tatsu-one-col tatsu-column-image-none tatsu-column-effect-none  tatsu-ryKPijNC3\"  data-parallax-speed=\"0\" style=\"\"><div class=\"tatsu-column-inner \" ><div class=\"tatsu-column-pad-wrap\"><div class=\"tatsu-column-pad\" ><div  class=\"tatsu-module tatsu-text-block-wrap tatsu-rJkcojVRn  \"><div class=\"tatsu-text-inner tatsu-align-center  clearfix\" ><style>.tatsu-rJkcojVRn.tatsu-text-block-wrap .tatsu-text-inner{width: 100%;text-align: left;color: #ffffff ;}.tatsu-rJkcojVRn .tatsu-text-inner *{color: #ffffff ;}<\/style><p><strong>Conditions g\u00e9n\u00e9rales L'Atelier<\/strong><\/p><p><strong>ARTICLE 1 - Identit\u00e9 du vendeur<\/strong><\/p><p>Coordonn\u00e9es de l'entreprise :<br>AKV Consulting BV<br>Notenstraat 37B<br>2520 Oelegem<br>Belgique<\/p><p>E-mail : hello@l-atelier.be<br>T\u00e9l\u00e9phone : +32 496 26 65 39<br>TVA : BE0754566958<br>IBAN : BE92 0689 3860 0723<\/p><p>ci-apr\u00e8s d\u00e9nomm\u00e9 \"L'Atelier\".<\/p><p><strong>ARTICLE 2 - G\u00e9n\u00e9ral<\/strong><\/p><p>Sauf accord \u00e9crit contraire entre L'Atelier et le client, les pr\u00e9sentes conditions g\u00e9n\u00e9rales s'appliquent \u00e0 la fourniture de services, \u00e0 la vente de marchandises, aux offres et aux accords avec L'Atelier, quelles que soient les dispositions contraires figurant sur les documents du client. Par l'envoi d'une commande, les conditions g\u00e9n\u00e9rales sont consid\u00e9r\u00e9es comme accept\u00e9es pleinement et sans r\u00e9serve par le client. Les conditions g\u00e9n\u00e9rales et les accords \u00e9ventuels remplacent tous les accords verbaux, accords, promesses, ententes ou communications ant\u00e9rieurs avec le client.<\/p><p><strong>ARTICLE 3 - Accords, devis et annulations<\/strong><\/p><p>3.1 Accords<\/p><p>Un accord avec L'Atelier est valable pour une dur\u00e9e ind\u00e9termin\u00e9e, sauf indication contraire ou accord \u00e9crit. Un contrat n'est pas transf\u00e9rable, sauf accord contraire et avec l'accord des deux parties, L'Atelier et le client.<\/p><p>3.2 Devis<\/p><p>Les devis \u00e9tablis par L'Atelier sont valables 7 jours en standard (sauf mention contraire sur le devis), apr\u00e8s quoi ils n'ont qu'une valeur informative. Tous les prix s'entendent toujours hors TVA, sauf indication contraire. L'Atelier n'est li\u00e9 \u00e0 l'offre qu'apr\u00e8s acceptation explicite et \u00e9crite de l'offre par le client ou une personne autoris\u00e9e. S'il y a un acompte sur l'offre, le paiement de cette facture \u00e9quivaut \u00e0 l'acceptation de l'offre, la mission ne sera pas ex\u00e9cut\u00e9e avant la r\u00e9ception de l'acompte. Si une modification doit \u00eatre apport\u00e9e au devis par L'Atelier ou \u00e0 la demande du client, un nouveau devis sera \u00e9tabli et le pr\u00e9c\u00e9dent expirera automatiquement (quelle que soit sa date d'expiration).<\/p><p>Si le devis mentionne un taux horaire, le nombre d'heures pr\u00e9vu est bas\u00e9 sur une estimation. Si un d\u00e9passement se produit, il en sera discut\u00e9 avec le client avant de poursuivre la mission.<\/p><p>Les prix figurant sur un devis sont toujours indicatifs, si la commande comporte plus de travail ou un travail suppl\u00e9mentaire que d'habitude, L'Atelier se r\u00e9serve le droit d'en informer le client et de r\u00e9viser les prix.<\/p><p>3.3. \u00c9crit<\/p><p>Par \"\u00e9crit\" (convenu par \u00e9crit, confirm\u00e9), on entend un \u00e9crit envoy\u00e9 par la poste, par courrier \u00e9lectronique ou, dans des cas exceptionnels, par SMS\/Whatsapp ou toute autre forme de messagerie \u00e9lectronique. Ceci s'applique \u00e0 l'ensemble des conditions g\u00e9n\u00e9rales ainsi qu'\u00e0 toute communication entre le client et L'Atelier.<\/p><p>Le client accepte aussi automatiquement que L'Atelier utilise un e-mail comme moyen l\u00e9gal de communication \u00e9crite.<\/p><p>3.4 Modifications<\/p><p>Les modifications de l'accord initial ne sont valables qu'apr\u00e8s avoir \u00e9t\u00e9 accept\u00e9es par \u00e9crit par les deux parties, L'Atelier et le client, par le biais d'un accord suppl\u00e9mentaire ou modifi\u00e9.<\/p><p>3.5 Annulation de la mission<\/p><p>Une annulation par le client ne sera accept\u00e9e que si L'Atelier n'a pas encore commenc\u00e9 le travail. Si les travaux ont d\u00e9j\u00e0 \u00e9t\u00e9 entam\u00e9s, l'indemnit\u00e9 correspond au montant des travaux effectu\u00e9s jusqu'alors, avec un minimum de 40 % du prix convenu (y compris tout acompte). Exemple : si la moiti\u00e9 de la commande a d\u00e9j\u00e0 \u00e9t\u00e9 ex\u00e9cut\u00e9e, la compensation s'\u00e9l\u00e8ve \u00e0 50 % du prix convenu.<\/p><p><strong>ARTICLE 4 - R\u00e9alisation<\/strong><\/p><p>4.1 D\u00e9lai de livraison<\/p><p>Les missions pour lesquelles aucune date de livraison n'a \u00e9t\u00e9 convenue \u00e0 l'avance seront ex\u00e9cut\u00e9es dans un d\u00e9lai raisonnable.<\/p><p>Une date limite ou une date de livraison donn\u00e9e par L'Atelier n'est qu'une indication et n'est pas contraignante pour L'Atelier, sauf accord sp\u00e9cifique par \u00e9crit.<\/p><p>L'Atelier ne peut \u00eatre tenu responsable du non-respect d'un d\u00e9lai que par lettre recommand\u00e9e du client.<\/p><p>4.2 P\u00e9riode de test<\/p><p>Dans le cas o\u00f9 le bien ou le service livr\u00e9 est un site web de L'Atelier, le client (apr\u00e8s livraison et accord) dispose de 7 jours pour signaler d'\u00e9ventuels bugs\/manques et les faire corriger gratuitement. Cependant, seules des corrections de bugs sont apport\u00e9es, sans ajout de nouveaux \u00e9l\u00e9ments ni modification des fonctionnalit\u00e9s. Apr\u00e8s cette p\u00e9riode de test, L'Atelier ne peut \u00eatre tenu responsable et nous n'avons aucune obligation de corriger les erreurs gratuitement.<\/p><p>4.3 Compatibilit\u00e9<\/p><p>Les sites web sont test\u00e9s par d\u00e9faut uniquement dans les derni\u00e8res versions de Google Chrome. La compatibilit\u00e9 avec d'autres navigateurs ou des versions plus anciennes sera factur\u00e9e \u00e0 notre tarif standard par demi-heure.<\/p><p><strong>ARTICLE 5 - Responsabilit\u00e9<\/strong><\/p><p>L'Atelier s'engage \u00e0 ex\u00e9cuter avec soin tous les services \u00e0 fournir.<\/p><p>L'Atelier ne peut \u00eatre tenu responsable des erreurs d'ex\u00e9cution r\u00e9sultant d'une information incorrecte ou insuffisante de la part du client.<\/p><p>L'Atelier et sa personne d\u00e9sign\u00e9e ne peuvent en aucun cas \u00eatre tenus responsables d'une erreur ou d'une faute grave, sauf s'il s'agit d'une erreur intentionnelle.<\/p><p>L'Atelier ne peut en aucun cas \u00eatre tenu responsable des dommages indirects.<\/p><p>La responsabilit\u00e9 de L'Atelier \u00e0 l'\u00e9gard des biens et\/ou services livr\u00e9s est uniquement limit\u00e9e \u00e0 :<\/p><ul><li>Remboursement du montant pay\u00e9 par le client.<\/li><li>Remplacement du produit ou nouvelle ex\u00e9cution du service.<\/li><\/ul><p>La responsabilit\u00e9 totale de L'Atelier ne d\u00e9passera jamais le montant total pay\u00e9 pour le produit ou le service qui a caus\u00e9 le dommage.<\/p><p>L'Atelier ne peut en aucun cas \u00eatre tenu responsable des biens ou services fournis par des tiers.<\/p><p>L'Atelier n'est pas et ne peut jamais \u00eatre tenu responsable du contenu fourni par le client. L'Atelier part toujours du principe que le client dispose des droits, autorisations et\/ou licences n\u00e9cessaires sur le contenu fourni (\u00e0 savoir les noms, le logo, les photos, les textes, etc.) L'Atelier n'est pas non plus tenu de s'en enqu\u00e9rir aupr\u00e8s du client.<\/p><p>L'Atelier ne peut en aucun cas \u00eatre tenu responsable du contenu que le client souhaite ou fait figurer sur son produit final. M\u00eame si le client modifie le contenu dans le futur, L'Atelier n'en est jamais responsable.<\/p><p>L'Atelier ne peut en aucun cas \u00eatre tenu responsable des fins auxquelles le client utilise le bien ou le service livr\u00e9.<\/p><p>L'Atelier n'est pas tenu de conserver une copie des fichiers apr\u00e8s la livraison des marchandises ou des services. Il appartient au client de les conserver pr\u00e9cieusement.<\/p><p><strong>ARTICLE 6 - Paiements<\/strong><\/p><p>Tous les prix indiqu\u00e9s sur le site web, dans les m\u00e9dias sociaux, par courrier \u00e9lectronique ou par tout autre moyen de communication s'entendent toujours hors TVA, sauf indication contraire.<\/p><p>6.1 D\u00e9lai de paiement<\/p><p>Toutes les factures \u00e9mises par L'Atelier ont un d\u00e9lai de paiement de 14 jours, sauf mention contraire sur la facture.<\/p><p>6.2 Retard de paiement<\/p><p>Si une facture n'est pas pay\u00e9e \u00e0 la date d'\u00e9ch\u00e9ance, le client est de plein droit redevable d'int\u00e9r\u00eats de retard \u00e0 L'Atelier. Ce montant s'\u00e9l\u00e8ve \u00e0 8 % (annualis\u00e9) du montant total de la facture, factur\u00e9 pour chaque jour de retard du client. Exemple : une facture de \u20ac 1.000 est pay\u00e9e avec 10 jours de retard. Le calcul est alors le suivant : (8 % x 1 000 \u20ac x 10 jours\/365) = 2,19 \u20ac d'int\u00e9r\u00eats.<\/p><p>Pour chaque retard de paiement, le client est \u00e9galement redevable d'une clause de d\u00e9dommagement. Elle est de 10% sur le montant total de la facture, avec un minimum de \u20ac 50 et les promotions ou r\u00e9ductions appliqu\u00e9es ne sont plus valables.<\/p><p>Le client ne devient propri\u00e9taire ou n'acquiert le droit d'utiliser les marchandises et\/ou services fournis qu'\u00e0 partir du moment o\u00f9 il a rempli toutes ses obligations \u00e0 l'\u00e9gard de L'Atelier.<\/p><p>L'Atelier peut envoyer un ou plusieurs rappels de paiement ou des factures de rappel au client mais n'est pas oblig\u00e9 de le faire.<\/p><p>6.3 Acompte<\/p><p>L'Atelier est autoris\u00e9 \u00e0 demander un acompte pour toute commande \u00e0 tout moment. Tant pour les petits que pour les grands projets. Comme indiqu\u00e9 pr\u00e9c\u00e9demment, un projet n'est lanc\u00e9e qu'\u00e0 partir du moment o\u00f9 L'Atelier re\u00e7oit l'acompte. L'acompte standard est de 50 % du co\u00fbt estim\u00e9, sauf accord contraire.<\/p><p>6.4 H\u00e9bergement (Hosting) et noms de domaine<\/p><p>Le paiement pour l'h\u00e9bergement (hosting) et\/ou des noms de domaine se fait annuellement, en fonction de ce qui a \u00e9t\u00e9 convenu avec le client. Si le client souhaite annuler son h\u00e9bergement (hosting) ou son nom de domaine, il devra payer la p\u00e9riode en cours. La p\u00e9riode restante n'est pas remboursable. Le nom de domaine et\/ou l'h\u00e9bergement (hosting) sont toujours valables et restent fonctionnels jusqu'\u00e0 la date d'expiration incluse. Par la suite, une copie peut \u00eatre transf\u00e9r\u00e9e au client contre r\u00e9mun\u00e9ration afin de placer le site web ailleurs, au tarif standard par demi-heure.<\/p><p>6.4.1 Noms de domaine<\/p><p>Les noms de domaine ne peuvent pas \u00eatre annul\u00e9s et ne sont donc pas remboursables, y compris en cas d'erreur de frappe. L'Atelier demandera toujours une confirmation du domaine avant de l'enregistrer. Une fois le nom de domaine enregistr\u00e9, il est valable jusqu'\u00e0 sa date d'expiration (en fonction de la p\u00e9riode choisie).<\/p><p>6,5 Taux Forfaitaire<\/p><p>Les mini missions ou ajustements sont factur\u00e9s \u00e0 notre tarif standard par demi-heure avec un forfait de 30 minutes = 30 EUR hors TVA.<\/p><p><strong>ARTICLE 7 - Propri\u00e9t\u00e9 intellectuelle et droits de propri\u00e9t\u00e9<\/strong><\/p><p>Tous les droits de propri\u00e9t\u00e9 intellectuelle d\u00e9coulant d'une mission appartiennent toujours \u00e0 L'Atelier, sauf accord \u00e9crit contraire des deux parties. L'Atelier peut facturer des frais pour cela. Cela s'applique non seulement au produit\/service final, mais aussi \u00e0 tous les travaux interm\u00e9diaires (id\u00e9es, concepts, maquettes, croquis...). Par d\u00e9faut, le client ne re\u00e7oit que le produit final sous licence, donc les propositions de design provisoires, les maquettes, les id\u00e9es ou toutes les cr\u00e9ations de L'Atelier ne sont pas incluses ici.<\/p><p>Les \u0153uvres cr\u00e9\u00e9es par L'Atelier ne peuvent \u00eatre \u00e9dit\u00e9es ou trait\u00e9es par le client \u00e0 des fins autres que celles pour lesquelles elles ont \u00e9t\u00e9 cr\u00e9\u00e9es \u00e0 l'origine sans l'autorisation explicite de L'Atelier.<\/p><p>L'Atelier vous conc\u00e8de une licence sur l'\u0153uvre approuv\u00e9e, et \u00e0 vous seul, exclusivement et pour une dur\u00e9e ind\u00e9termin\u00e9e et exclusivement pour ce projet, sauf accord contraire de notre part. Cela ne concerne que le produit\/service final. Cette licence n'est donc pas transf\u00e9rable. La revente n'est pas autoris\u00e9e.<\/p><p>L'Atelier se r\u00e9serve le droit de livrer tout fichier d'essai, maquette ou prototype en filigrane au client en cours de r\u00e9alisation, dans l'attente du produit\/service final.<\/p><p>7.1 Promotion propre<\/p><p>L'Atelier se r\u00e9serve le droit d'utiliser ou de repr\u00e9senter les dessins et les r\u00e9alisations pour sa propre promotion, sauf accord \u00e9crit contraire.<\/p><p><strong>ARTICLE 8 - Secret professionnel<\/strong><\/p><p>L'Atelier assure le client que l'Atelier traitera les donn\u00e9es sensibles avec soin et ne les transmettra \u00e0 personne sans l'avoir pr\u00e9alablement communiqu\u00e9 au client (pensez \u00e0 la collaboration avec un partenaire externe).<\/p><p><strong>ARTICLE 9 - Actions<\/strong><\/p><p>L'Atelier n'est pas oblig\u00e9 d'appliquer des r\u00e9ductions, actions ou promotions par d\u00e9faut. Ils peuvent toujours \u00eatre appliqu\u00e9s spontan\u00e9ment ou mentionn\u00e9s au client, ou n'\u00eatre appliqu\u00e9s que si le client les demande ou peut pr\u00e9senter un bon, un code de r\u00e9duction ou similaire.<\/p><p><strong>ARTICLE 10 - Force majeure<\/strong><\/p><p>10.1. En cas de force majeure, nous ne sommes pas tenus de remplir nos obligations. Dans ce cas, nous pouvons soit suspendre nos obligations pour la dur\u00e9e de la force majeure, soit r\u00e9silier d\u00e9finitivement le contrat en accord avec le client.<\/p><p>10.2. La force majeure est toute circonstance ind\u00e9pendante de notre volont\u00e9 et de notre contr\u00f4le qui emp\u00eache l'ex\u00e9cution de nos obligations en tout ou en partie. Nous entendons par l\u00e0, entre autres, les gr\u00e8ves, les incendies, les pannes d'exploitation, les pannes d'\u00e9nergie, les pannes d'un r\u00e9seau (de t\u00e9l\u00e9communications) ou d'une connexion ou des syst\u00e8mes de communication utilis\u00e9s et\/ou l'indisponibilit\u00e9 de notre site web, de notre serveur, la non-livraison ou la livraison tardive des fournisseurs ou d'autres tiers engag\u00e9s, ....<\/p><p><strong>ARTICLE 11 - Proc\u00e9dure de r\u00e9clamation et litiges<\/strong><\/p><p>11.1. Bien entendu, nous esp\u00e9rons toujours que tous nos clients seront satisfaits \u00e0 100 %. Si vous avez des plaintes \u00e0 formuler concernant nos services, vous pouvez nous contacter \u00e0 l'adresse suivante : hello@l-atelier.be . Nous nous engageons \u00e0 traiter votre plainte dans un d\u00e9lai de 7 jours.<\/p><p>11.2. Tous les accords que nous concluons avec nos clients, quel que soit leur lieu de r\u00e9sidence, sont exclusivement r\u00e9gis par le droit belge et, en cas de litige, seuls les tribunaux comp\u00e9tents de Malines ou de Louvain sont comp\u00e9tents. Si, pour des raisons de droit international, une autre loi s'applique, l'interpr\u00e9tation des pr\u00e9sentes conditions g\u00e9n\u00e9rales se r\u00e9f\u00e9rera en premier lieu au Code belge de droit \u00e9conomique.<\/p><p>11.3. En cas de r\u00e8glement extrajudiciaire du litige, le Service de m\u00e9diation pour les consommateurs du gouvernement f\u00e9d\u00e9ral est habilit\u00e9 \u00e0 recevoir toute demande de r\u00e8glement extrajudiciaire des litiges de consommation. Ce dernier, \u00e0 son tour, traitera la demande lui-m\u00eame ou la transmettra \u00e0 une personne qualifi\u00e9e. Vous pouvez contacter le service du m\u00e9diateur des consommateurs en suivant ce lien : https:\/\/mediationconsommateur.be\/fr<\/p><p>11.4. En outre, pour les litiges de nature transfrontali\u00e8re, vous pouvez utiliser la plateforme de r\u00e8glement en ligne des litiges de l'Union europ\u00e9enne \u00e0 l'adresse suivante : http:\/\/ec.europa.eu\/odr.<\/p><\/div><\/div><\/div><\/div><div class = \"tatsu-column-bg-image-wrap\"><div class = \"tatsu-column-bg-image\" ><\/div><\/div><div class=\"tatsu-overlay tatsu-column-overlay tatsu-animate-none\" ><\/div><\/div><style>.tatsu-row > .tatsu-ryKPijNC3.tatsu-column{width: 100%;}.tatsu-ryKPijNC3.tatsu-column > .tatsu-column-inner > .tatsu-column-overlay{mix-blend-mode: normal;}.tatsu-ryKPijNC3 > .tatsu-column-inner > .tatsu-top-divider{z-index: 9999;}.tatsu-ryKPijNC3 > .tatsu-column-inner > .tatsu-bottom-divider{z-index: 9999;}.tatsu-ryKPijNC3 > .tatsu-column-inner > .tatsu-left-divider{z-index: 9999;}.tatsu-ryKPijNC3 > .tatsu-column-inner > .tatsu-right-divider{z-index: 9999;}@media only screen and (max-width:1377px) {.tatsu-row > .tatsu-ryKPijNC3.tatsu-column{width: 100%;}}@media only screen and (min-width:768px) and (max-width: 1024px) {.tatsu-row > .tatsu-ryKPijNC3.tatsu-column{width: 100%;}}@media only screen and (max-width: 767px) {.tatsu-row > .tatsu-ryKPijNC3.tatsu-column{width: 100%;}}<\/style><\/div><\/div><\/div><\/div><div class=\"tatsu-section-background-wrap\"><div class = \"tatsu-section-background\" ><\/div><\/div><div class=\"tatsu-overlay tatsu-section-overlay\"><\/div><style>.tatsu-SyWYPoiVR3 .tatsu-section-offset-wrap{transform: translateY(-0px);}.tatsu-SyWYPoiVR3 > .tatsu-bottom-divider{z-index: 9999;}.tatsu-SyWYPoiVR3 > .tatsu-top-divider{z-index: 9999;}.tatsu-SyWYPoiVR3 .tatsu-section-overlay{mix-blend-mode: normal;}<\/style><\/div><\/div>\n\t\t\t\t\t\t<\/div>\n\t\t\t\t<\/div>\n\t\t\t\t<\/div>\n\t\t\t\t<\/div>\n\t\t","protected":false},"excerpt":{"rendered":"","protected":false},"author":1,"featured_media":0,"parent":0,"menu_order":0,"comment_status":"closed","ping_status":"closed","template":"page-fullwidth.php","meta":{"_seopress_robots_primary_cat":"","_seopress_titles_title":"L'Atelier - Web Agency - Conditions G\u00e9n\u00e9rales","_seopress_titles_desc":"Entre L'Atelier et le client, les pr\u00e9sentes conditions g\u00e9n\u00e9rales s'appliquent \u00e0 la fourniture de services, \u00e0 la vente de marchandises, aux offres et aux accords avec L'Atelier.","_seopress_robots_index":"","footnotes":""},"class_list":["post-4434","page","type-page","status-publish"],"_links":{"self":[{"href":"https:\/\/l-atelier.be\/fr\/wp-json\/wp\/v2\/pages\/4434","targetHints":{"allow":["GET"]}}],"collection":[{"href":"https:\/\/l-atelier.be\/fr\/wp-json\/wp\/v2\/pages"}],"about":[{"href":"https:\/\/l-atelier.be\/fr\/wp-json\/wp\/v2\/types\/page"}],"author":[{"embeddable":true,"href":"https:\/\/l-atelier.be\/fr\/wp-json\/wp\/v2\/users\/1"}],"replies":[{"embeddable":true,"href":"https:\/\/l-atelier.be\/fr\/wp-json\/wp\/v2\/comments?post=4434"}],"version-history":[{"count":4,"href":"https:\/\/l-atelier.be\/fr\/wp-json\/wp\/v2\/pages\/4434\/revisions"}],"predecessor-version":[{"id":26545,"href":"https:\/\/l-atelier.be\/fr\/wp-json\/wp\/v2\/pages\/4434\/revisions\/26545"}],"wp:attachment":[{"href":"https:\/\/l-atelier.be\/fr\/wp-json\/wp\/v2\/media?parent=4434"}],"curies":[{"name":"wp","href":"https:\/\/api.w.org\/{rel}","templated":true}]}}